{"id":5837,"date":"2023-03-14T12:33:11","date_gmt":"2023-03-14T09:33:11","guid":{"rendered":"https:\/\/tbprecine.com\/?page_id=5837"},"modified":"2023-05-26T10:28:36","modified_gmt":"2023-05-26T07:28:36","slug":"corian-documents","status":"publish","type":"page","link":"https:\/\/tbprecine.com\/en\/corian-documents\/","title":{"rendered":"Corian Documents"},"content":{"rendered":"<table width=\"128\">\n<tbody>\n<tr>\n<td width=\"64\">Corian\u00ae\u00a0 Kitchen, Bathroom, Retail<\/td>\n<td width=\"64\"><a href=\"\/wp-content\/uploads\/2023\/01\/corian_kitchenbathroom_productcatalogue-2022-blk-1.pdf\" target=\"_blank\" rel=\"noopener\">DOWNLOAD<\/a><\/td>\n<\/tr>\n<tr>\n<td width=\"64\">Care and Maintenance for the Home &#8211; Corian\u00ae Solid Surface<\/td>\n<td width=\"64\"><a href=\"\/wp-content\/uploads\/2023\/04\/corian_solid_surface_routine_care.pdf\" target=\"_blank\" rel=\"noopener\">DOWNLOAD<\/a><\/td>\n<\/tr>\n<tr>\n<td width=\"64\">Corian\u00ae Warranty<\/td>\n<td width=\"64\"><a href=\"\/wp-content\/uploads\/2023\/04\/emea_corian_ss_warranty.pdf\" target=\"_blank\" rel=\"noopener\">DOWNLOAD<\/a><\/td>\n<\/tr>\n<tr>\n<td width=\"64\">Corian\u00ae Tech Bulletin &#8211; Chemical Resistance<\/td>\n<td width=\"64\"><a href=\"\/wp-content\/uploads\/2023\/04\/emea_corian_ss_warranty-1.pdf\" target=\"_blank\" rel=\"noopener\">DOWNLOAD<\/a><\/td>\n<\/tr>\n<tr>\n<td width=\"64\">Corian\u00ae\u00a0Genel \u00dcr\u00fcn De\u011ferlendirmesi<\/td>\n<td width=\"64\"><a href=\"\/wp-content\/uploads\/2023\/04\/k-27478_productoverview_tr.pdf\" target=\"_blank\" rel=\"noopener\">DOWNLOAD<\/a><\/td>\n<\/tr>\n<tr>\n<td width=\"64\">Corian<sup>\u00ae<\/sup>\u00a0Tech Bulletin &#8211; Performance Properties<\/td>\n<td width=\"64\"><a href=\"\/wp-content\/uploads\/2023\/04\/emea_corian_ss_warranty-2.pdf\" target=\"_blank\" rel=\"noopener\">DOWNLOAD<\/a><\/td>\n<\/tr>\n<tr>\n<td width=\"64\">Corian\u00ae\u00a0Solid Surface &#8211; SCS RECYCLED CONTENT CERTIFICATION &#8211; Minimum 13%<\/td>\n<td width=\"64\"><a href=\"\/wp-content\/uploads\/2023\/04\/corian_ss_13_scs_recycled_cont.pdf\" target=\"_blank\" rel=\"noopener\">DOWNLOAD<\/a><\/td>\n<\/tr>\n<tr>\n<td width=\"64\">Corian\u00ae\u00a0Solid Surface &#8211; SCS RECYCLED CONTENT CERTIFICATION &#8211; Minimum 20%<\/td>\n<td width=\"64\"><a href=\"\/wp-content\/uploads\/2023\/04\/corian_ss_20_scs_recycled_cont.pdf\" target=\"_blank\" rel=\"noopener\">DOWNLOAD<\/a><\/td>\n<\/tr>\n<tr>\n<td width=\"64\">Corian\u00ae\u00a0Solid Surface &#8211; SCS RECYCLED CONTENT CERTIFICATION &#8211; Minimum 6%<\/td>\n<td width=\"64\"><a href=\"\/wp-content\/uploads\/2023\/04\/corian_ss_06_scs_recycled_cont.pdf\" target=\"_blank\" rel=\"noopener\">DOWNLOAD<\/a><\/td>\n<\/tr>\n<tr>\n<td width=\"64\">Corian\u00ae\u00a0Solid Surface Effects of Healthcare Chemical Disinfectants<\/td>\n<td width=\"64\"><a href=\"\/wp-content\/uploads\/2023\/04\/k-22257_emea_healthcare_disinfectants.pdf\" target=\"_blank\" rel=\"noopener\">DOWNLOAD<\/a><\/td>\n<\/tr>\n<tr>\n<td width=\"64\">Corian\u00ae Fire Performance<\/td>\n<td width=\"64\"><a href=\"\/wp-content\/uploads\/2023\/04\/k28300-emea-en-fire-performance.pdf\" target=\"_blank\" rel=\"noopener\">DOWNLOAD<\/a><\/td>\n<\/tr>\n<tr>\n<td width=\"64\">Corian\u00ae Sustainability<\/td>\n<td width=\"64\"><a href=\"\/wp-content\/uploads\/2023\/04\/dupont-corian-environment.pdf\" target=\"_blank\" rel=\"noopener\">DOWNLOAD<\/a><\/td>\n<\/tr>\n<tr>\n<td width=\"64\">Exter\u0131or Cladd\u0131ng Product Warranty<\/td>\n<td width=\"64\"><a href=\"\/wp-content\/uploads\/2023\/04\/emea_ec_uk_warranty_2020.pdf\" target=\"_blank\" rel=\"noopener\">DOWNLOAD<\/a><\/td>\n<\/tr>\n<\/tbody>\n<\/table>\n","protected":false},"excerpt":{"rendered":"<p>Corian\u00ae\u00a0 Kitchen, Bathroom, Retail DOWNLOAD Care and Maintenance for the Home &#8211; Corian\u00ae Solid Surface DOWNLOAD Corian\u00ae Warranty DOWNLOAD Corian\u00ae Tech Bulletin &#8211; Chemical Resistance DOWNLOAD Corian\u00ae\u00a0Genel \u00dcr\u00fcn De\u011ferlendirmesi DOWNLOAD Corian\u00ae\u00a0Tech Bulletin &#8211; Performance Properties DOWNLOAD Corian\u00ae\u00a0Solid Surface &#8211; SCS RECYCLED CONTENT CERTIFICATION &#8211; Minimum 13% DOWNLOAD Corian\u00ae\u00a0Solid Surface &#8211; SCS RECYCLED CONTENT CERTIFICATION &#8211; [&hellip;]<\/p>\n","protected":false},"author":1,"featured_media":0,"parent":0,"menu_order":0,"comment_status":"closed","ping_status":"closed","template":"","meta":{"footnotes":""},"class_list":["post-5837","page","type-page","status-publish","hentry"],"aioseo_notices":[],"_links":{"self":[{"href":"https:\/\/tbprecine.com\/en\/wp-json\/wp\/v2\/pages\/5837","targetHints":{"allow":["GET"]}}],"collection":[{"href":"https:\/\/tbprecine.com\/en\/wp-json\/wp\/v2\/pages"}],"about":[{"href":"https:\/\/tbprecine.com\/en\/wp-json\/wp\/v2\/types\/page"}],"author":[{"embeddable":true,"href":"https:\/\/tbprecine.com\/en\/wp-json\/wp\/v2\/users\/1"}],"replies":[{"embeddable":true,"href":"https:\/\/tbprecine.com\/en\/wp-json\/wp\/v2\/comments?post=5837"}],"version-history":[{"count":2,"href":"https:\/\/tbprecine.com\/en\/wp-json\/wp\/v2\/pages\/5837\/revisions"}],"predecessor-version":[{"id":6305,"href":"https:\/\/tbprecine.com\/en\/wp-json\/wp\/v2\/pages\/5837\/revisions\/6305"}],"wp:attachment":[{"href":"https:\/\/tbprecine.com\/en\/wp-json\/wp\/v2\/media?parent=5837"}],"curies":[{"name":"wp","href":"https:\/\/api.w.org\/{rel}","templated":true}]}}